{"id":878,"date":"2024-11-05T14:46:58","date_gmt":"2024-11-05T13:46:58","guid":{"rendered":"https:\/\/lamaisoncrans.ch\/?page_id=878"},"modified":"2024-11-05T15:02:48","modified_gmt":"2024-11-05T14:02:48","slug":"conditions-dutilisation","status":"publish","type":"page","link":"https:\/\/lamaisoncrans.ch\/index.php\/conditions-dutilisation\/","title":{"rendered":"Conditions d&#8217;utilisation"},"content":{"rendered":"\t\t<div data-elementor-type=\"wp-page\" data-elementor-id=\"878\" class=\"elementor elementor-878\" data-elementor-post-type=\"page\">\n\t\t\t\t<div class=\"elementor-element elementor-element-6a644004 e-flex e-con-boxed e-con e-parent\" data-id=\"6a644004\" data-element_type=\"container\">\n\t\t\t\t\t<div class=\"e-con-inner\">\n\t\t\t\t<div class=\"elementor-element elementor-element-10669c78 elementor-widget elementor-widget-text-editor\" data-id=\"10669c78\" data-element_type=\"widget\" data-widget_type=\"text-editor.default\">\n\t\t\t\t<div class=\"elementor-widget-container\">\n\t\t\t\t\t\t\t<p><strong><u>Conditions<\/u><u> d&#8217;utilisation<\/u><\/strong><\/p>\n<ul>\n<li><strong style=\"font-family: var( --e-global-typography-b7e76ab-font-family ), Sans-serif; font-size: var( --e-global-typography-b7e76ab-font-size ); text-align: var(--text-align);\">1. Propri\u00e9t\u00e9 intellectuelle<\/strong><\/li>\n<\/ul>\n<p>Tout le contenu du site&nbsp;<a style=\"font-family: var( --e-global-typography-b7e76ab-font-family ), Sans-serif; font-size: var( --e-global-typography-b7e76ab-font-size ); text-align: var(--text-align);\" href=\"https:\/\/www.arakel.ch\/\">https:\/\/www.lamaisoncrans.ch\/<\/a><span style=\"font-family: var( --e-global-typography-b7e76ab-font-family ), Sans-serif; font-size: var( --e-global-typography-b7e76ab-font-size ); text-align: var(--text-align);\">&nbsp;est prot\u00e9g\u00e9 par des droits d&#8217;auteur. Les photos pr\u00e9sentes sur le site sont la propri\u00e9t\u00e9 exclusive de leurs auteurs :<\/span><\/p>\n<p>&nbsp;<b>Olivier Mauhin<\/b> et <b>Guillaume Cottancin<\/b>. Toute utilisation, reproduction, diffusion, ou modification de ces photos sans autorisation \u00e9crite pr\u00e9alable est strictement interdite et pourra faire l&#8217;objet de poursuites judiciaires.<\/p>\n<p>Dans le cadre de reportages presse, les journalistes et m\u00e9dias peuvent adresser une demande de m\u00e9dias \u00e0 l&#8217;adresse e-mail suivante :&nbsp;communication@winedigger.ch.<\/p>\n<ul>\n<li><strong style=\"font-family: var( --e-global-typography-b7e76ab-font-family ), Sans-serif; font-size: var( --e-global-typography-b7e76ab-font-size ); text-align: var(--text-align);\">2. Utilisation du site<\/strong><\/li>\n<\/ul>\n<p>Le site est accessible \u00e0 tous les utilisateurs, mais aucune fonctionnalit\u00e9 de cr\u00e9ation de compte ou de publication de contenu n&#8217;est propos\u00e9e.<\/p>\n<ul>\n<li><strong style=\"font-family: var( --e-global-typography-b7e76ab-font-family ), Sans-serif; font-size: var( --e-global-typography-b7e76ab-font-size ); text-align: var(--text-align);\">3. Produits et services<\/strong><\/li>\n<\/ul>\n<p>Aucun produit ou service n&#8217;est vendu sur notre site, et aucune transaction ne s&#8217;effectue en ligne.<\/p>\n<ul>\n<li><strong style=\"font-family: var( --e-global-typography-b7e76ab-font-family ), Sans-serif; font-size: var( --e-global-typography-b7e76ab-font-size ); text-align: var(--text-align);\">4. Limitation de responsabilit\u00e9<\/strong><\/li>\n<\/ul>\n<p>Nous d\u00e9clinons toute responsabilit\u00e9 pour les erreurs techniques, interruptions de service, ou tout autre probl\u00e8me li\u00e9 \u00e0 l&#8217;utilisation du site.<\/p>\n<ul>\n<li><strong style=\"font-family: var( --e-global-typography-b7e76ab-font-family ), Sans-serif; font-size: var( --e-global-typography-b7e76ab-font-size ); text-align: var(--text-align);\">5. Modifications des conditions d&#8217;utilisation<\/strong><\/li>\n<\/ul>\n<p><span style=\"font-size: medium;\">Nous nous r\u00e9servons le droit de modifier les pr\u00e9sentes conditions \u00e0 tout moment. Aucune notification sp\u00e9cifique ne sera envoy\u00e9e aux utilisateurs en cas de changement, sauf obligation l\u00e9gale.&nbsp;<\/span><\/p>\t\t\t\t\t\t<\/div>\n\t\t\t\t<\/div>\n\t\t\t\t\t<\/div>\n\t\t\t\t<\/div>\n\t\t\t\t<\/div>\n\t\t","protected":false},"excerpt":{"rendered":"<p>Conditions d&#8217;utilisation 1. Propri\u00e9t\u00e9 intellectuelle Tout le contenu du site&nbsp;https:\/\/www.lamaisoncrans.ch\/&nbsp;est prot\u00e9g\u00e9 par des droits d&#8217;auteur. Les photos pr\u00e9sentes sur le site sont la propri\u00e9t\u00e9 exclusive de leurs auteurs : &nbsp;Olivier Mauhin et Guillaume Cottancin. Toute utilisation, reproduction, diffusion, ou modification de ces photos sans autorisation \u00e9crite pr\u00e9alable est strictement interdite et pourra faire l&#8217;objet de [&hellip;]<\/p>\n","protected":false},"author":1,"featured_media":0,"parent":0,"menu_order":0,"comment_status":"closed","ping_status":"closed","template":"","meta":{"footnotes":""},"class_list":["post-878","page","type-page","status-publish","hentry"],"_links":{"self":[{"href":"https:\/\/lamaisoncrans.ch\/index.php\/wp-json\/wp\/v2\/pages\/878","targetHints":{"allow":["GET"]}}],"collection":[{"href":"https:\/\/lamaisoncrans.ch\/index.php\/wp-json\/wp\/v2\/pages"}],"about":[{"href":"https:\/\/lamaisoncrans.ch\/index.php\/wp-json\/wp\/v2\/types\/page"}],"author":[{"embeddable":true,"href":"https:\/\/lamaisoncrans.ch\/index.php\/wp-json\/wp\/v2\/users\/1"}],"replies":[{"embeddable":true,"href":"https:\/\/lamaisoncrans.ch\/index.php\/wp-json\/wp\/v2\/comments?post=878"}],"version-history":[{"count":7,"href":"https:\/\/lamaisoncrans.ch\/index.php\/wp-json\/wp\/v2\/pages\/878\/revisions"}],"predecessor-version":[{"id":890,"href":"https:\/\/lamaisoncrans.ch\/index.php\/wp-json\/wp\/v2\/pages\/878\/revisions\/890"}],"wp:attachment":[{"href":"https:\/\/lamaisoncrans.ch\/index.php\/wp-json\/wp\/v2\/media?parent=878"}],"curies":[{"name":"wp","href":"https:\/\/api.w.org\/{rel}","templated":true}]}}